{"id":5147,"date":"2024-01-18T18:41:29","date_gmt":"2024-01-18T18:41:29","guid":{"rendered":"https:\/\/workofark.se\/?page_id=5147"},"modified":"2025-06-03T09:50:34","modified_gmt":"2025-06-03T09:50:34","slug":"ark-%f0%9f%a4%8d-stilbyran","status":"publish","type":"page","link":"https:\/\/workofark.se\/?page_id=5147","title":{"rendered":"ARK x STILBYR\u00c5N"},"content":{"rendered":"\t\t<div data-elementor-type=\"wp-page\" data-elementor-id=\"5147\" class=\"elementor elementor-5147\" data-elementor-post-type=\"page\">\n\t\t\t\t\t\t<section class=\"elementor-section elementor-top-section elementor-element elementor-element-38e9525 elementor-section-full_width elementor-section-height-default elementor-section-height-default\" data-id=\"38e9525\" data-element_type=\"section\" data-e-type=\"section\" data-settings=\"{&quot;background_background&quot;:&quot;classic&quot;}\">\n\t\t\t\t\t\t\t<div class=\"elementor-background-overlay\"><\/div>\n\t\t\t\t\t\t\t<div class=\"elementor-container elementor-column-gap-default\">\n\t\t\t\t\t<div class=\"elementor-column elementor-col-100 elementor-top-column elementor-element elementor-element-d73199b\" data-id=\"d73199b\" data-element_type=\"column\" data-e-type=\"column\" data-settings=\"{&quot;background_background&quot;:&quot;classic&quot;}\">\n\t\t\t<div class=\"elementor-widget-wrap elementor-element-populated\">\n\t\t\t\t\t\t<div class=\"elementor-element elementor-element-eb8a045 elementor-widget__width-inherit elementor-widget elementor-widget-image\" data-id=\"eb8a045\" data-element_type=\"widget\" data-e-type=\"widget\" data-widget_type=\"image.default\">\n\t\t\t\t<div class=\"elementor-widget-container\">\n\t\t\t\t\t\t\t\t\t\t\t\t\t\t\t<img fetchpriority=\"high\" decoding=\"async\" width=\"768\" height=\"1024\" src=\"https:\/\/workofark.se\/wp-content\/uploads\/2025\/06\/IMG_7717-768x1024.jpeg\" class=\"attachment-large size-large wp-image-7527\" alt=\"\" srcset=\"https:\/\/workofark.se\/wp-content\/uploads\/2025\/06\/IMG_7717-768x1024.jpeg 768w, https:\/\/workofark.se\/wp-content\/uploads\/2025\/06\/IMG_7717-225x300.jpeg 225w, https:\/\/workofark.se\/wp-content\/uploads\/2025\/06\/IMG_7717-1152x1536.jpeg 1152w, https:\/\/workofark.se\/wp-content\/uploads\/2025\/06\/IMG_7717-1536x2048.jpeg 1536w, https:\/\/workofark.se\/wp-content\/uploads\/2025\/06\/IMG_7717-scaled.jpeg 1920w\" sizes=\"(max-width: 768px) 100vw, 768px\" \/>\t\t\t\t\t\t\t\t\t\t\t\t\t\t\t<\/div>\n\t\t\t\t<\/div>\n\t\t\t\t<div class=\"elementor-element elementor-element-88f3a2e elementor-hidden-tablet elementor-hidden-phone elementor-widget elementor-widget-text-editor\" data-id=\"88f3a2e\" data-element_type=\"widget\" data-e-type=\"widget\" data-widget_type=\"text-editor.default\">\n\t\t\t\t<div class=\"elementor-widget-container\">\n\t\t\t\t\t\t\t\t\t<p><\/p>\n<p>ARK<br>x<\/p>\n<p>Stilbyr\u00e5n<\/p>\t\t\t\t\t\t\t\t<\/div>\n\t\t\t\t<\/div>\n\t\t\t\t<div class=\"elementor-element elementor-element-3dc3176 elementor-hidden-tablet elementor-hidden-phone elementor-widget elementor-widget-text-editor\" data-id=\"3dc3176\" data-element_type=\"widget\" data-e-type=\"widget\" data-widget_type=\"text-editor.default\">\n\t\t\t\t<div class=\"elementor-widget-container\">\n\t\t\t\t\t\t\t\t\t<p>Work of ARK<br \/>is proud to be represented by Stilbyr\u00e5n.<\/p>\t\t\t\t\t\t\t\t<\/div>\n\t\t\t\t<\/div>\n\t\t\t\t<div class=\"elementor-element elementor-element-2587343 elementor-hidden-desktop elementor-widget elementor-widget-text-editor\" data-id=\"2587343\" data-element_type=\"widget\" data-e-type=\"widget\" data-widget_type=\"text-editor.default\">\n\t\t\t\t<div class=\"elementor-widget-container\">\n\t\t\t\t\t\t\t\t\t<p>ARK<br \/>x<br \/>Stilbyr\u00e5n<\/p>\t\t\t\t\t\t\t\t<\/div>\n\t\t\t\t<\/div>\n\t\t\t\t<div class=\"elementor-element elementor-element-d2903c5 elementor-hidden-desktop elementor-widget elementor-widget-text-editor\" data-id=\"d2903c5\" data-element_type=\"widget\" data-e-type=\"widget\" data-widget_type=\"text-editor.default\">\n\t\t\t\t<div class=\"elementor-widget-container\">\n\t\t\t\t\t\t\t\t\t<p>Work of ARK<br \/>is proud to be represented by Stilbyr\u00e5n.<\/p>\t\t\t\t\t\t\t\t<\/div>\n\t\t\t\t<\/div>\n\t\t\t\t<div class=\"elementor-element elementor-element-412d606 elementor-widget elementor-widget-text-editor\" data-id=\"412d606\" data-element_type=\"widget\" data-e-type=\"widget\" data-widget_type=\"text-editor.default\">\n\t\t\t\t<div class=\"elementor-widget-container\">\n\t\t\t\t\t\t\t\t\t<p><span style=\"color: #4b4744;\"><a style=\"color: #4b4744;\" href=\"https:\/\/stilbyran.com\/collections\/work-of-ark\">Go to STILBYR\u00c5N<\/a><\/span><\/p>\t\t\t\t\t\t\t\t<\/div>\n\t\t\t\t<\/div>\n\t\t\t\t<section class=\"elementor-section elementor-inner-section elementor-element elementor-element-760692c elementor-section-boxed elementor-section-height-default elementor-section-height-default\" data-id=\"760692c\" data-element_type=\"section\" data-e-type=\"section\">\n\t\t\t\t\t\t<div class=\"elementor-container elementor-column-gap-custom\">\n\t\t\t\t\t<div class=\"elementor-column elementor-col-100 elementor-inner-column elementor-element elementor-element-05bbe6c\" data-id=\"05bbe6c\" data-element_type=\"column\" data-e-type=\"column\">\n\t\t\t<div class=\"elementor-widget-wrap\">\n\t\t\t\t\t\t\t<\/div>\n\t\t<\/div>\n\t\t\t\t\t<\/div>\n\t\t<\/section>\n\t\t\t\t<div class=\"elementor-element elementor-element-456a304 elementor-widget elementor-widget-text-editor\" data-id=\"456a304\" data-element_type=\"widget\" data-e-type=\"widget\" data-widget_type=\"text-editor.default\">\n\t\t\t\t<div class=\"elementor-widget-container\">\n\t\t\t\t\t\t\t\t\t<p>Follow @stilbyran on instagram for more lovely inspiration.<\/p>\t\t\t\t\t\t\t\t<\/div>\n\t\t\t\t<\/div>\n\t\t\t\t<div class=\"elementor-element elementor-element-62a8a01 elementor-widget elementor-widget-spacer\" data-id=\"62a8a01\" data-element_type=\"widget\" data-e-type=\"widget\" data-widget_type=\"spacer.default\">\n\t\t\t\t<div class=\"elementor-widget-container\">\n\t\t\t\t\t\t\t<div class=\"elementor-spacer\">\n\t\t\t<div class=\"elementor-spacer-inner\"><\/div>\n\t\t<\/div>\n\t\t\t\t\t\t<\/div>\n\t\t\t\t<\/div>\n\t\t\t\t\t<\/div>\n\t\t<\/div>\n\t\t\t\t\t<\/div>\n\t\t<\/section>\n\t\t\t\t<\/div>\n\t\t","protected":false},"excerpt":{"rendered":"<p>ARKx Stilbyr\u00e5n Work of ARKis proud to be represented by Stilbyr\u00e5n. ARKxStilbyr\u00e5n Work of ARKis proud to be represented by Stilbyr\u00e5n. Go to STILBYR\u00c5N Follow @stilbyran on instagram for more lovely inspiration.<\/p>\n","protected":false},"author":1,"featured_media":0,"parent":0,"menu_order":0,"comment_status":"closed","ping_status":"closed","template":"","meta":{"footnotes":""},"class_list":["post-5147","page","type-page","status-publish","hentry"],"_links":{"self":[{"href":"https:\/\/workofark.se\/index.php?rest_route=\/wp\/v2\/pages\/5147","targetHints":{"allow":["GET"]}}],"collection":[{"href":"https:\/\/workofark.se\/index.php?rest_route=\/wp\/v2\/pages"}],"about":[{"href":"https:\/\/workofark.se\/index.php?rest_route=\/wp\/v2\/types\/page"}],"author":[{"embeddable":true,"href":"https:\/\/workofark.se\/index.php?rest_route=\/wp\/v2\/users\/1"}],"replies":[{"embeddable":true,"href":"https:\/\/workofark.se\/index.php?rest_route=%2Fwp%2Fv2%2Fcomments&post=5147"}],"version-history":[{"count":30,"href":"https:\/\/workofark.se\/index.php?rest_route=\/wp\/v2\/pages\/5147\/revisions"}],"predecessor-version":[{"id":7542,"href":"https:\/\/workofark.se\/index.php?rest_route=\/wp\/v2\/pages\/5147\/revisions\/7542"}],"wp:attachment":[{"href":"https:\/\/workofark.se\/index.php?rest_route=%2Fwp%2Fv2%2Fmedia&parent=5147"}],"curies":[{"name":"wp","href":"https:\/\/api.w.org\/{rel}","templated":true}]}}